{"id":3115,"date":"2023-09-25T10:41:34","date_gmt":"2023-09-25T09:41:34","guid":{"rendered":"https:\/\/antenor.eu\/?page_id=3115"},"modified":"2023-11-17T11:47:58","modified_gmt":"2023-11-17T11:47:58","slug":"borne-denregistrement-automatique","status":"publish","type":"page","link":"https:\/\/antenor.eu\/fr\/borne-denregistrement-automatique\/","title":{"rendered":"Enregistrement automatique"},"content":{"rendered":"<!-- wp:extendstudio\/materialis--><div  data-label=\"Content\" data-id=\"content--1\" data-export-id=\"content-12-materialis\" data-category=\"content\" class=\"content-12m content-section\" id=\"content-1\" style=\"background-color: rgb(255, 255, 255);\"><div > <div  class=\"row middle-xs\"><div  class=\"col-md-5 col-xs-12 col-sm-6 content-left-sm full-col-left-padding col-padding\" data-type=\"column\"> <h6  class=\"upper\">Solutions de paiement Antenor<\/h6> <h3  class=\"\"><b >Kiosque d\u2019enregistrement automatique<span  id=\"_mce_caret\" data-mce-bogus=\"1\" data-mce-type=\"format-caret\"><span >\ufeff<\/span><\/span><\/b><\/h3> <p  class=\"space-top-small\">Gr\u00e2ce \u00e0 notre borne d&rsquo;enregistrement automatique, les clients de l&rsquo;h\u00f4tel peuvent consulter leur r\u00e9servation, s&rsquo;enregistrer, payer le solde de la r\u00e9servation ou les taxes d&rsquo;h\u00e9bergement, le tout sans l&rsquo;intervention du personnel.<br ><br >\nLe concept est simple : votre client s\u2019enregistre \u00e0 la borne, r\u00e8gle les \u00e9ventuels montants dus (cf. taxe de s\u00e9jour) et re\u00e7oit ensuite sa carte-cl\u00e9 qui lui permet d\u2019acc\u00e9der \u00e0 la chambre.\n<br >\n<br >L\u2019avantage pour vous ? L\u2019ensemble du processus est enti\u00e8rement automatis\u00e9, ce qui permet de red\u00e9ployer le personnel de l\u2019h\u00f4tel.<\/p> <a class=\"button null big color1 mdc-ripple-upgraded\" href=\"https:\/\/antenor.eu\/fr\/#contact\" target=\"_self\" data-cp-link=\"1\" data-icon=\"\" rel=\"noopener\">Contactez nous<\/a><\/div> <div  class=\"col-md-6 col-md-offset-1 col-xs-12 col-sm-6 bag-image mdc-elevation--z0\" data-bg=\"image\" style=\"background-image: url(&quot;http:\/\/antenor.eu\/wp-content\/uploads\/2023\/11\/cropped-cropped-antenor-hotel-exterior-scaled-1-1.jpg&quot;);\"><\/div><\/div> <\/div><\/div><!-- \/wp:extendstudio\/materialis--><!-- wp:extendstudio\/materialis--><!-- \/wp:extendstudio\/materialis--><!-- wp:extendstudio\/materialis--><div  data-label=\"Content\" data-id=\"content--2\" data-export-id=\"content-6\" data-category=\"content\" class=\"content-6 content-section content-section-spacing-large\" id=\"content-2\" style=\"background-color: rgb(245, 250, 253);\"><div  class=\"gridContainer\"> <div  class=\"row text-center\"><div  class=\"section-title-col\" data-type=\"column\"> <h2  class=\"\"><b >Bonjour<\/b>, <span  style=\"color: rgb(6, 133, 85);\">sommes-nous votre&nbsp;<b >solution<\/b><\/span>?<\/h2> <p  class=\"lead\">L\u2019ensemble du processus d\u2019enregistrement \u00e9tant effectu\u00e9 par le client lui-m\u00eame, le personnel de l\u2019h\u00f4tel peut se concentrer sur la qualit\u00e9 de l\u2019exp\u00e9rience client.<\/p><\/div> <\/div> <div  class=\"row middle-sm\"> <div  class=\"col-xs-12 col-sm-6\"> <div  class=\"row\"> <div  class=\"col-xs-12 space-bottom\" data-type=\"column\"> <h3  class=\"color1\">Les avantages pour votre entreprise ?<\/h3> <\/div> <div  class=\"col-xs-12\" data-type=\"row\" data-max-items=\"4\"><div  class=\"row space-bottom\"> <div  class=\"col-xs-12 col-md-fit\" data-fixed=\"true\"><i  class=\"mdi mdi-codepen icon bordered round color1\"><\/i><\/div> <div  class=\"col-xs-12 col-md\" data-type=\"column\"><h5  class=\"color1\"><span  style=\"color: rgb(0, 0, 0);\">Automatiser<\/span> fiches d\u2019inscription<\/h5> <p  class=\"\">Vous devez enregistrer au moins un client par chambre. L\u2019auto-enregistrement soulage le personnel de la r\u00e9ception, fonctionne plus facilement pour le client et vous permet d\u2019obtenir les donn\u00e9es personnelles de votre client.<\/p><\/div> <\/div> <div  class=\"row space-bottom\"> <div  class=\"col-xs-12 col-md-fit\" data-fixed=\"true\"> <i  class=\"mdi mdi-plane-shield icon bordered round color1\"><\/i><\/div> <div  class=\"col-xs-12 col-md\" data-type=\"column\"><h5  class=\"color1\"><span  style=\"color: rgb(0, 0, 0);\">Paiement<\/span> simple<\/h5> <p  class=\"\">L\u2019enregistrement d\u00e9marre encore plus facilement avec la r\u00e9cup\u00e9ration d\u2019une r\u00e9servation existante. Et s\u2019il reste un solde ou des frais d\u2019h\u00e9bergement \u00e0 payer, cela peut \u00eatre fait rapidement.<\/p><\/div> <\/div> <div  class=\"row space-bottom\"> <div  class=\"col-xs-12 col-md-fit\" data-fixed=\"true\"> <i  class=\"mdi mdi-cube-outline icon bordered round color1\"><\/i><\/div> <div  class=\"col-xs-12 col-md\" data-type=\"column\"><h5  class=\"color1\"><span  style=\"color: rgb(0, 0, 0);\">Remise des cl\u00e9s<\/span> des chambres<\/h5> <p  class=\"\">Apr\u00e8s enregistrement, le kiosque peut facilement d\u00e9livrer une carte-cl\u00e9 ou une cl\u00e9 num\u00e9rique (cl\u00e9 mobile).  Pour les serrures \u00e0 clavier num\u00e9rique, nous imprimons le code correct.  Tout est int\u00e9gr\u00e9 \u00e0 votre PMS.<\/p><\/div> <\/div><\/div> <\/div><\/div> <div  class=\"col-xs-12 col-sm-6 flexbox around-xs top-xs\"><div  class=\"overlay-box middle-xs center-xs flexbox box-image\"> <div  class=\"overlay-box-offset offset-border mdc-elevation--z5 border-color1 hide-xs border-radius-8 \"><\/div> <img loading=\"lazy\"  decoding=\"async\" class=\"mdc-elevation--z10 rounded\" src=\"https:\/\/i0.wp.com\/antenor.eu\/wp-content\/uploads\/2023\/11\/cropped-antenor-hotel-interior-scaled-3.jpg?w=3840\" width=\"293\" height=\"390\"><\/div> <\/div><\/div> <\/div><\/div><!-- \/wp:extendstudio\/materialis--><!-- \n            Lockers: user tracker for visibility filters\n            OnePress, bizpanda.com\n        --><!-- wp:extendstudio\/materialis--><div  data-label=\"Cta\" data-id=\"cta--1\" data-export-id=\"cta-centered-bg-section\" data-category=\"cta\" data-section-ov=\"1\" class=\"cta-centered-bg-section content-section content-section-spacing-large white-text\" data-parallax-depth=\"20\" id=\"cta-1\" style=\"background-color: rgb(255, 255, 255); background-image: url(&quot;http:\/\/antenor.eu\/wp-content\/uploads\/2023\/09\/i1-Hotel-check-in.jpg&quot;); background-size: cover; background-position: center top;\"><div  class=\"gridContainer\"> <div  class=\"row text-center\"><div  class=\"col-xs-12\" data-type=\"column\"> <h2  class=\"\">Plus d\u2019informations ? contactez-nous !<\/h2> <a class=\"button null big color1 mdc-ripple-upgraded\" href=\"https:\/\/antenor.eu\/fr\/#contact\" target=\"_self\" data-cp-link=\"1\" data-icon=\"\" rel=\"noopener\">Contactez nous<\/a><\/div> <\/div><\/div> <\/div><!-- \/wp:extendstudio\/materialis-->","protected":false},"excerpt":{"rendered":"<p>Solutions de paiement Antenor Kiosque d\u2019enregistrement automatique\ufeff Gr\u00e2ce \u00e0 notre borne d&rsquo;enregistrement automatique, les clients de l&rsquo;h\u00f4tel peuvent consulter leur r\u00e9servation, s&rsquo;enregistrer, payer le solde de la r\u00e9servation ou les taxes d&rsquo;h\u00e9bergement, le tout sans l&rsquo;intervention du personnel. Le concept est simple : votre client s\u2019enregistre \u00e0 la borne, r\u00e8gle les \u00e9ventuels montants dus (cf.&nbsp;&hellip;<\/p>\n","protected":false},"author":2,"featured_media":0,"parent":0,"menu_order":0,"comment_status":"closed","ping_status":"closed","template":"pro\/page-templates\/full-width-page.php","meta":{"footnotes":""},"class_list":["post-3115","page","type-page","status-publish","hentry"],"yoast_head":"<!-- This site is optimized with the Yoast SEO plugin v26.8 - https:\/\/yoast.com\/product\/yoast-seo-wordpress\/ -->\n<title>Enregistrement automatique - Antenor<\/title>\n<meta name=\"robots\" content=\"index, follow, max-snippet:-1, max-image-preview:large, max-video-preview:-1\" \/>\n<link rel=\"canonical\" href=\"https:\/\/antenor.eu\/fr\/borne-denregistrement-automatique\/\" \/>\n<meta property=\"og:locale\" content=\"fr_FR\" \/>\n<meta property=\"og:type\" content=\"article\" \/>\n<meta property=\"og:title\" content=\"Enregistrement automatique - Antenor\" \/>\n<meta property=\"og:description\" content=\"Solutions de paiement Antenor Kiosque d\u2019enregistrement automatique\ufeff Gr\u00e2ce \u00e0 notre borne d&rsquo;enregistrement automatique, les clients de l&rsquo;h\u00f4tel peuvent consulter leur r\u00e9servation, s&rsquo;enregistrer, payer le solde de la r\u00e9servation ou les taxes d&rsquo;h\u00e9bergement, le tout sans l&rsquo;intervention du personnel. Le concept est simple : votre client s\u2019enregistre \u00e0 la borne, r\u00e8gle les \u00e9ventuels montants dus (cf.&nbsp;&hellip;\" \/>\n<meta property=\"og:url\" content=\"https:\/\/antenor.eu\/fr\/borne-denregistrement-automatique\/\" \/>\n<meta property=\"og:site_name\" content=\"Antenor\" \/>\n<meta property=\"article:publisher\" content=\"https:\/\/www.facebook.com\/AntenorPaymentSystems\" \/>\n<meta property=\"article:modified_time\" content=\"2023-11-17T11:47:58+00:00\" \/>\n<meta property=\"og:image\" content=\"https:\/\/i0.wp.com\/antenor.eu\/wp-content\/uploads\/2023\/11\/cropped-antenor-hotel-interior-scaled-3.jpg?w=3840\" \/>\n<meta name=\"twitter:card\" content=\"summary_large_image\" \/>\n<script type=\"application\/ld+json\" class=\"yoast-schema-graph\">{\"@context\":\"https:\/\/schema.org\",\"@graph\":[{\"@type\":\"WebPage\",\"@id\":\"https:\/\/antenor.eu\/fr\/borne-denregistrement-automatique\/\",\"url\":\"https:\/\/antenor.eu\/fr\/borne-denregistrement-automatique\/\",\"name\":\"Enregistrement automatique - Antenor\",\"isPartOf\":{\"@id\":\"https:\/\/antenor.eu\/fr\/#website\"},\"primaryImageOfPage\":{\"@id\":\"https:\/\/antenor.eu\/fr\/borne-denregistrement-automatique\/#primaryimage\"},\"image\":{\"@id\":\"https:\/\/antenor.eu\/fr\/borne-denregistrement-automatique\/#primaryimage\"},\"thumbnailUrl\":\"https:\/\/i0.wp.com\/antenor.eu\/wp-content\/uploads\/2023\/11\/cropped-antenor-hotel-interior-scaled-3.jpg?w=3840\",\"datePublished\":\"2023-09-25T09:41:34+00:00\",\"dateModified\":\"2023-11-17T11:47:58+00:00\",\"breadcrumb\":{\"@id\":\"https:\/\/antenor.eu\/fr\/borne-denregistrement-automatique\/#breadcrumb\"},\"inLanguage\":\"fr-FR\",\"potentialAction\":[{\"@type\":\"ReadAction\",\"target\":[\"https:\/\/antenor.eu\/fr\/borne-denregistrement-automatique\/\"]}]},{\"@type\":\"ImageObject\",\"inLanguage\":\"fr-FR\",\"@id\":\"https:\/\/antenor.eu\/fr\/borne-denregistrement-automatique\/#primaryimage\",\"url\":\"https:\/\/i0.wp.com\/antenor.eu\/wp-content\/uploads\/2023\/11\/cropped-antenor-hotel-interior-scaled-3.jpg?w=3840\",\"contentUrl\":\"https:\/\/i0.wp.com\/antenor.eu\/wp-content\/uploads\/2023\/11\/cropped-antenor-hotel-interior-scaled-3.jpg?w=3840\"},{\"@type\":\"BreadcrumbList\",\"@id\":\"https:\/\/antenor.eu\/fr\/borne-denregistrement-automatique\/#breadcrumb\",\"itemListElement\":[{\"@type\":\"ListItem\",\"position\":1,\"name\":\"Home\",\"item\":\"https:\/\/antenor.eu\/fr\/\"},{\"@type\":\"ListItem\",\"position\":2,\"name\":\"Enregistrement automatique\"}]},{\"@type\":\"WebSite\",\"@id\":\"https:\/\/antenor.eu\/fr\/#website\",\"url\":\"https:\/\/antenor.eu\/fr\/\",\"name\":\"Antenor\",\"description\":\"Unattended payment systems that work for you\",\"publisher\":{\"@id\":\"https:\/\/antenor.eu\/fr\/#organization\"},\"potentialAction\":[{\"@type\":\"SearchAction\",\"target\":{\"@type\":\"EntryPoint\",\"urlTemplate\":\"https:\/\/antenor.eu\/fr\/?s={search_term_string}\"},\"query-input\":{\"@type\":\"PropertyValueSpecification\",\"valueRequired\":true,\"valueName\":\"search_term_string\"}}],\"inLanguage\":\"fr-FR\"},{\"@type\":\"Organization\",\"@id\":\"https:\/\/antenor.eu\/fr\/#organization\",\"name\":\"Antenor\",\"url\":\"https:\/\/antenor.eu\/fr\/\",\"logo\":{\"@type\":\"ImageObject\",\"inLanguage\":\"fr-FR\",\"@id\":\"https:\/\/antenor.eu\/fr\/#\/schema\/logo\/image\/\",\"url\":\"https:\/\/antenor.eu\/wp-content\/uploads\/2020\/03\/Antenor-logo-new-version-black.png\",\"contentUrl\":\"https:\/\/antenor.eu\/wp-content\/uploads\/2020\/03\/Antenor-logo-new-version-black.png\",\"width\":600,\"height\":200,\"caption\":\"Antenor\"},\"image\":{\"@id\":\"https:\/\/antenor.eu\/fr\/#\/schema\/logo\/image\/\"},\"sameAs\":[\"https:\/\/www.facebook.com\/AntenorPaymentSystems\",\"https:\/\/www.linkedin.com\/company\/antenor_2\"]}]}<\/script>\n<!-- \/ Yoast SEO plugin. -->","yoast_head_json":{"title":"Enregistrement automatique - Antenor","robots":{"index":"index","follow":"follow","max-snippet":"max-snippet:-1","max-image-preview":"max-image-preview:large","max-video-preview":"max-video-preview:-1"},"canonical":"https:\/\/antenor.eu\/fr\/borne-denregistrement-automatique\/","og_locale":"fr_FR","og_type":"article","og_title":"Enregistrement automatique - Antenor","og_description":"Solutions de paiement Antenor Kiosque d\u2019enregistrement automatique\ufeff Gr\u00e2ce \u00e0 notre borne d&rsquo;enregistrement automatique, les clients de l&rsquo;h\u00f4tel peuvent consulter leur r\u00e9servation, s&rsquo;enregistrer, payer le solde de la r\u00e9servation ou les taxes d&rsquo;h\u00e9bergement, le tout sans l&rsquo;intervention du personnel. Le concept est simple : votre client s\u2019enregistre \u00e0 la borne, r\u00e8gle les \u00e9ventuels montants dus (cf.&nbsp;&hellip;","og_url":"https:\/\/antenor.eu\/fr\/borne-denregistrement-automatique\/","og_site_name":"Antenor","article_publisher":"https:\/\/www.facebook.com\/AntenorPaymentSystems","article_modified_time":"2023-11-17T11:47:58+00:00","og_image":[{"url":"https:\/\/i0.wp.com\/antenor.eu\/wp-content\/uploads\/2023\/11\/cropped-antenor-hotel-interior-scaled-3.jpg?w=3840","type":"","width":"","height":""}],"twitter_card":"summary_large_image","schema":{"@context":"https:\/\/schema.org","@graph":[{"@type":"WebPage","@id":"https:\/\/antenor.eu\/fr\/borne-denregistrement-automatique\/","url":"https:\/\/antenor.eu\/fr\/borne-denregistrement-automatique\/","name":"Enregistrement automatique - Antenor","isPartOf":{"@id":"https:\/\/antenor.eu\/fr\/#website"},"primaryImageOfPage":{"@id":"https:\/\/antenor.eu\/fr\/borne-denregistrement-automatique\/#primaryimage"},"image":{"@id":"https:\/\/antenor.eu\/fr\/borne-denregistrement-automatique\/#primaryimage"},"thumbnailUrl":"https:\/\/i0.wp.com\/antenor.eu\/wp-content\/uploads\/2023\/11\/cropped-antenor-hotel-interior-scaled-3.jpg?w=3840","datePublished":"2023-09-25T09:41:34+00:00","dateModified":"2023-11-17T11:47:58+00:00","breadcrumb":{"@id":"https:\/\/antenor.eu\/fr\/borne-denregistrement-automatique\/#breadcrumb"},"inLanguage":"fr-FR","potentialAction":[{"@type":"ReadAction","target":["https:\/\/antenor.eu\/fr\/borne-denregistrement-automatique\/"]}]},{"@type":"ImageObject","inLanguage":"fr-FR","@id":"https:\/\/antenor.eu\/fr\/borne-denregistrement-automatique\/#primaryimage","url":"https:\/\/i0.wp.com\/antenor.eu\/wp-content\/uploads\/2023\/11\/cropped-antenor-hotel-interior-scaled-3.jpg?w=3840","contentUrl":"https:\/\/i0.wp.com\/antenor.eu\/wp-content\/uploads\/2023\/11\/cropped-antenor-hotel-interior-scaled-3.jpg?w=3840"},{"@type":"BreadcrumbList","@id":"https:\/\/antenor.eu\/fr\/borne-denregistrement-automatique\/#breadcrumb","itemListElement":[{"@type":"ListItem","position":1,"name":"Home","item":"https:\/\/antenor.eu\/fr\/"},{"@type":"ListItem","position":2,"name":"Enregistrement automatique"}]},{"@type":"WebSite","@id":"https:\/\/antenor.eu\/fr\/#website","url":"https:\/\/antenor.eu\/fr\/","name":"Antenor","description":"Unattended payment systems that work for you","publisher":{"@id":"https:\/\/antenor.eu\/fr\/#organization"},"potentialAction":[{"@type":"SearchAction","target":{"@type":"EntryPoint","urlTemplate":"https:\/\/antenor.eu\/fr\/?s={search_term_string}"},"query-input":{"@type":"PropertyValueSpecification","valueRequired":true,"valueName":"search_term_string"}}],"inLanguage":"fr-FR"},{"@type":"Organization","@id":"https:\/\/antenor.eu\/fr\/#organization","name":"Antenor","url":"https:\/\/antenor.eu\/fr\/","logo":{"@type":"ImageObject","inLanguage":"fr-FR","@id":"https:\/\/antenor.eu\/fr\/#\/schema\/logo\/image\/","url":"https:\/\/antenor.eu\/wp-content\/uploads\/2020\/03\/Antenor-logo-new-version-black.png","contentUrl":"https:\/\/antenor.eu\/wp-content\/uploads\/2020\/03\/Antenor-logo-new-version-black.png","width":600,"height":200,"caption":"Antenor"},"image":{"@id":"https:\/\/antenor.eu\/fr\/#\/schema\/logo\/image\/"},"sameAs":["https:\/\/www.facebook.com\/AntenorPaymentSystems","https:\/\/www.linkedin.com\/company\/antenor_2"]}]}},"jetpack_sharing_enabled":true,"_links":{"self":[{"href":"https:\/\/antenor.eu\/fr\/wp-json\/wp\/v2\/pages\/3115","targetHints":{"allow":["GET"]}}],"collection":[{"href":"https:\/\/antenor.eu\/fr\/wp-json\/wp\/v2\/pages"}],"about":[{"href":"https:\/\/antenor.eu\/fr\/wp-json\/wp\/v2\/types\/page"}],"author":[{"embeddable":true,"href":"https:\/\/antenor.eu\/fr\/wp-json\/wp\/v2\/users\/2"}],"replies":[{"embeddable":true,"href":"https:\/\/antenor.eu\/fr\/wp-json\/wp\/v2\/comments?post=3115"}],"version-history":[{"count":0,"href":"https:\/\/antenor.eu\/fr\/wp-json\/wp\/v2\/pages\/3115\/revisions"}],"wp:attachment":[{"href":"https:\/\/antenor.eu\/fr\/wp-json\/wp\/v2\/media?parent=3115"}],"curies":[{"name":"wp","href":"https:\/\/api.w.org\/{rel}","templated":true}]}}