{"id":3577,"date":"2023-12-21T13:50:57","date_gmt":"2023-12-21T13:50:57","guid":{"rendered":"https:\/\/antenor.eu\/jetonautomaten\/"},"modified":"2023-12-21T14:19:56","modified_gmt":"2023-12-21T14:19:56","slug":"distributeurs-automatiques-de-jetons","status":"publish","type":"page","link":"https:\/\/antenor.eu\/fr\/distributeurs-automatiques-de-jetons\/","title":{"rendered":"Distributeurs automatiques de jetons"},"content":{"rendered":"<!-- wp:extendstudio\/materialis--><div  data-label=\"Jetonautomaten\" data-id=\"content--2\" data-export-id=\"content-11-materialis\" data-category=\"content\" class=\"content-11m content-section\" id=\"jetonautomaten\" style=\"background-color: rgb(255, 255, 255); background-image: none;\"><div  class=\"\"> <div  class=\"row\"><div  class=\"col-xs-12 col-sm-5 no-padding image-col flexbox middle-sm\"> <img loading=\"lazy\"  decoding=\"async\" src=\"https:\/\/i0.wp.com\/antenor.eu\/wp-content\/uploads\/2023\/12\/cropped-antenor-jetonautomaten-kopieren.png?w=3840\" class=\"image-offset mdc-elevation--z0\" width=\"672\" height=\"334\"><\/div> <div  class=\"col-xs-12 col-sm-7 first-xs last-sm \"><div  class=\"row middle-sm full-height-row\"> <div  class=\"col-xs-12 col-sm-8 col-padding col-sm-offset-2\" data-type=\"column\"><h6  class=\"font-400\"><b >Distributeurs de jetons Antenor<\/b><\/h6> <h2  class=\"\"><span style=\"color: rgb(6, 133, 85);\" ><b >Jetons <\/b>pour les supporters &amp; les visiteurs<\/span><\/h2> <p  class=\"space-bottom\">Votre club ou organisation sportive est-il pr\u00eat \u00e0 proposer aux visiteurs des options de paiement num\u00e9rique en plus des jetons?\n<br ><br >\nFacilitez la t\u00e2che des visiteurs et des athl\u00e8tes en leur permettant d&rsquo;acheter des jetons en esp\u00e8ces, par carte bancaire ou via des solutions de paiement modernes telles que Payconiq, Google Pay ou Apple Pay. Les jetons permettent un paiement fluide et sans erreur au bar.\n<br ><br >\nIl est m\u00eame possible d&rsquo;offrir des jetons \u00ab\u00a0virtuels\u00a0\u00bb par le biais d&rsquo;une carte de supporter ou de visiteur.\n<br ><br >\nAntenor aide votre organisation avec des distributeurs automatiques s\u00fbrs et fiables o\u00f9 votre client ach\u00e8te des jetons avec de l&rsquo;argent liquide ou une carte bancaire.<\/p> <a class=\"button mdc-elevation--z1 space-bottom-small null mdc-ripple-upgraded big color1\" href=\"#voordelen\" target=\"_self\" data-cp-link=\"1\" data-icon=\"\" rel=\"noopener\">D\u00c9COUVREZ LES AVANTAGES<\/a><\/div> <\/div><\/div> <\/div><\/div> <\/div><!-- \/wp:extendstudio\/materialis--><!-- \/wp:extendstudio\/materialis--><!-- wp:extendstudio\/materialis--><!-- wp:extendstudio\/materialis--><!-- \/wp:extendstudio\/materialis--><!-- wp:extendstudio\/materialis--><div  data-label=\"voordelen\" data-id=\"features--2\" data-export-id=\"features-15-materialis\" data-category=\"features\" class=\"features-15m content-section content-section-spacing-large\" id=\"voordelen\" style=\"background-color: rgb(245, 250, 253);\"><div  class=\"gridContainer\"> <div  class=\"row\"><div  class=\"section-title-col\" data-type=\"column\"> <h2  class=\"\"><span style=\"color: rgb(6, 133, 85);\" ><b >Solutions de paiement<\/b>&nbsp;pour les clubs sportifs et les entreprises.<\/span><\/h2> <p  class=\"\">Par exp\u00e9rience, nous savons que l&rsquo;introduction d&rsquo;un distributeur de jetons dans la caf\u00e9t\u00e9ria d&rsquo;un club sportif pr\u00e9sente plusieurs avantages en termes d&rsquo;efficacit\u00e9, de satisfaction de la client\u00e8le, de s\u00e9curit\u00e9 et d&rsquo;hygi\u00e8ne, ce qui se traduit par une am\u00e9lioration de l&rsquo;exp\u00e9rience tant pour le club sportif que pour ses visiteurs.\n<br ><br >\nVoici quelques consid\u00e9rations sur les raisons pour lesquelles il est judicieux pour un club sportif de mettre en place un distributeur de jetons.<\/p><\/div> <\/div> <div  class=\"row top-xs space-top-small\" data-type=\"row\"> <div  class=\"col-padding col-padding-small-xs col-md-4 col-sm-6 col-xs-12\" data-type=\"column\"> <i  class=\"mdi icon mdi-database bordered round big color1\"><\/i> <h4  class=\"\"><span style=\"color: rgb(6, 133, 85);\" >DES PAIEMENTS EFFICACES<\/span><\/h4> <p  class=\"\">Un distributeur de jetons acc\u00e9l\u00e8re consid\u00e9rablement le processus de paiement. Les visiteurs peuvent payer rapidement et facilement sans avoir \u00e0 manipuler d&rsquo;argent liquide, ce qui am\u00e9liore l&rsquo;efficacit\u00e9 au comptoir.<\/p><\/div> <div  class=\"col-padding col-padding-small-xs col-md-4 col-sm-6 col-xs-12\" data-type=\"column\"><i  class=\"mdi icon mdi-account-convert bordered round big color1\"><\/i> <h4  class=\"\"><span  style=\"color: rgb(6, 133, 85);\">DES TEMPS D&rsquo;ATTENTE R\u00c9DUITS<\/span><\/h4> <p  class=\"\">Des paiements rapides permettent de r\u00e9duire les temps d&rsquo;attente pour les visiteurs. Cela contribue \u00e0 une exp\u00e9rience positive pour le client et r\u00e9duit les frustrations caus\u00e9es par les longues files d&rsquo;attente.<\/p><\/div> <div  class=\"col-padding col-padding-small-xs col-md-4 col-sm-6 col-xs-12\" data-type=\"column\"><i  class=\"mdi icon mdi-approval bordered round big color1\"><\/i> <h4  class=\"\"><span  style=\"color: rgb(6, 133, 85);\">FIABILIT\u00c9 ET PR\u00c9CISION<\/span><\/h4> <p  class=\"\">Les transactions effectu\u00e9es \u00e0 l&rsquo;aide d&rsquo;un distributeur de jetons sont pr\u00e9cises et \u00e9liminent la possibilit\u00e9 d&rsquo;erreurs lors du rendu de monnaie. Cela contribue \u00e0 la fiabilit\u00e9 du syst\u00e8me de paiement.<\/p><\/div> <div  class=\"col-padding col-padding-small-xs col-md-4 col-sm-6 col-xs-12\" data-type=\"column\"><i  class=\"mdi icon mdi-lock bordered round big color1\"><\/i> <h4  class=\"\"><span  style=\"color: rgb(6, 133, 85);\">S\u00c9CURIT\u00c9<\/span><\/h4> <p  class=\"\">Moins d&rsquo;argent liquide au guichet, c&rsquo;est moins de risques de vol ou de perte. Les paiements \u00e9lectroniques par le biais d&rsquo;un distributeur de jetons augmentent la s\u00e9curit\u00e9 du club sportif et des visiteurs.<\/p><\/div> <div  class=\"col-padding col-padding-small-xs col-md-4 col-sm-6 col-xs-12\" data-type=\"column\"><i  class=\"mdi icon mdi-camera-front bordered round big color1\"><\/i> <h4  class=\"\"><span  style=\"color: rgb(6, 133, 85);\">STIMULATION DES ACHATS<\/span><\/h4> <p  class=\"\">La commodit\u00e9 des paiements \u00e9lectroniques peut stimuler les ventes. Les visiteurs sont plus enclins \u00e0 effectuer des achats suppl\u00e9mentaires lorsque le processus de paiement est fluide. Un syst\u00e8me de bonus peut \u00e9galement \u00eatre appliqu\u00e9 \u00e0 la machine \u00e0 jetons. Ceux qui ach\u00e8tent davantage recevront des jetons suppl\u00e9mentaires.<\/p><\/div> <div  class=\"col-padding col-padding-small-xs col-md-4 col-sm-6 col-xs-12\" data-type=\"column\"> <i  class=\"mdi icon mdi-water bordered round big color1\"><\/i> <h4  class=\"\"><span  style=\"color: rgb(6, 133, 85);\">HYGI\u00c8NE<\/span><\/h4> <p  class=\"\">En particulier dans le contexte de la situation sanitaire actuelle, la r\u00e9duction de l&rsquo;utilisation de l&rsquo;argent liquide peut am\u00e9liorer l&rsquo;hygi\u00e8ne dans la caf\u00e9t\u00e9ria car il y a moins de contact physique.<\/p><\/div><div  class=\"col-padding col-padding-small-xs col-md-4 col-sm-6 col-xs-12\" data-type=\"column\"> <i  class=\"mdi icon mdi-cellphone-link bordered round big color1\"><\/i> <h4  class=\"\"><span  style=\"color: rgb(6, 133, 85);\">DES MODES DE PAIEMENT FLEXIBLES<\/span><\/h4> <p  class=\"\">Les distributeurs automatiques de jetons prennent en charge diff\u00e9rents modes de paiement, notamment les paiements sans contact, les cartes de cr\u00e9dit, les paiements mobiles, Payconiq, etc. Les visiteurs b\u00e9n\u00e9ficient ainsi d&rsquo;une plus grande flexibilit\u00e9.<\/p><\/div><div  class=\"col-padding col-padding-small-xs col-md-4 col-sm-6 col-xs-12\" data-type=\"column\"><i  class=\"mdi icon mdi-format-line-style bordered round big color1\"><\/i> <h4  class=\"\"><span  style=\"color: rgb(6, 133, 85);\">GESTION ET RAPPORTS<\/span><\/h4> <p  class=\"\">Nos distributeurs automatiques de jetons offrent des fonctionnalit\u00e9s de reporting, permettant au club sportif d&rsquo;avoir un aper\u00e7u des donn\u00e9es de vente. Ces informations peuvent aider \u00e0 prendre des d\u00e9cisions concernant la gestion des stocks et les strat\u00e9gies de marketing.<\/p><\/div> <div  class=\"col-padding col-padding-small-xs col-md-4 col-sm-6 col-xs-12\" data-type=\"column\"> <i  class=\"mdi icon mdi-checkbox-multiple-marked-circle-outline bordered round big color1\"><\/i> <h4  class=\"\"><font  color=\"#068555\">SOLUTION TOTALE<\/font><\/h4> <p  class=\"\">Chez Antenor, nous fournissons non seulement le kiosque \u00e0 votre club, mais aussi les jetons correspondants, ce qui vous soulage compl\u00e8tement. Nous proposons des jetons en m\u00e9tal et des jetons en plastique, ce qui vous donne le choix en termes de couleur et de budget.<\/p><\/div><\/div><\/div> <\/div><!-- \/wp:extendstudio\/materialis--><!-- \n            Lockers: user tracker for visibility filters\n            OnePress, bizpanda.com\n        --><!-- wp:extendstudio\/materialis--><div  data-label=\"Content\" data-id=\"content--5\" data-export-id=\"content-17\" data-category=\"content\" class=\"content-17 content-section content-section-spacing-large\" id=\"content-1\" style=\"background-color: rgb(245, 250, 253);\"><div  class=\"gridContainer\"> <div  class=\"row middle-sm\"><div  class=\"col-xs-12 col-sm-6 space-bottom-xs space-top-xs\" data-type=\"column\"> <h2  class=\"\"><span style=\"color: rgb(6, 133, 85);\" >Equipez <b >votre club sportif<\/b> d&rsquo;un de nos distributeurs automatiques ?<\/span><\/h2>  <p  class=\"lead\">En fonction de vos besoins et de l&rsquo;agencement de votre club ou de votre organisation, nous avons chez Antenor un distributeur de jetons pour chaque application !\n<br ><br >\nVous souhaitez obtenir plus d&rsquo;informations ou une offre de prix sur mesure?\n<br ><br >\nN&rsquo;h\u00e9sitez pas \u00e0 nous contacter!<\/p><a class=\"button null mdc-ripple-upgraded color1\" href=\"https:\/\/antenor.eu\/fr\/#contact\" target=\"_self\" data-cp-link=\"1\" data-icon=\"\" rel=\"noopener\">DEMANDEZ VOTRE DEVIS ICI<\/a><\/div> <div  class=\"col-xs-12 col-sm-6 flexbox around-xs top-xs space-top-xs\"><div  class=\"overlay-box flexbox middle-xs center-xs overlay-holder\"> <div  class=\"overlay-box-offset offset-background mdc-elevation--z5 bg-color2 hide-xs\"><\/div> <img  loading=\"lazy\" decoding=\"async\" class=\"flexbox mdc-elevation--z10 img1\" data-size=\"500x500\" src=\"https:\/\/i0.wp.com\/antenor.eu\/wp-content\/uploads\/2023\/12\/automaat-met-scherm.png?w=3840\" width=\"293\" height=\"492\"><\/div> <\/div><\/div> <\/div><\/div><!-- \/wp:extendstudio\/materialis--><!-- wp:extendstudio\/materialis--><div  data-label=\"toepassingen\" data-id=\"features--1\" data-export-id=\"features-16\" data-category=\"features\" class=\"features-16 content-section content-section-spacing-large\" id=\"toepassingen\" style=\"background-color: rgb(255, 255, 255);\"><div  class=\"gridContainer\"> <div  class=\"row text-center\"><div  class=\"section-title-col\" data-type=\"column\"> <h2  class=\"\"><span style=\"color: rgb(6, 133, 85);\" >Un <b >distributeur de jetons<\/b> pour chaque application!<\/span><\/h2> <p  class=\"lead\">D\u00e9couvrez quelques-uns de nos dispositifs possibles.<\/p><\/div> <\/div> <div  class=\"row spaced-cols\" data-type=\"row\"> <div  class=\"col-xs-12 col-sm-6 col-md-4 space-bottom\"> <img  loading=\"lazy\" decoding=\"async\" class=\"face mdc-elevation--z3\" src=\"https:\/\/i0.wp.com\/antenor.eu\/wp-content\/uploads\/2023\/12\/cropped-cropped-J300-jetons-cafetaria-1.jpg?w=3840\" width=\"381\" height=\"285\"> <div  data-type=\"column\" class=\"col-padding-small col-padding-small-xs description-container\">   <\/div> <\/div> <div  class=\"col-xs-12 col-sm-6 col-md-4 space-bottom\"> <img  loading=\"lazy\" decoding=\"async\" class=\"face mdc-elevation--z3\" src=\"https:\/\/i0.wp.com\/antenor.eu\/wp-content\/uploads\/2023\/12\/cropped-img_5.jpg?w=3840\" width=\"381\" height=\"286\"> <div  data-type=\"column\" class=\"col-padding-small col-padding-small-xs description-container\">   <\/div> <\/div> <div  class=\"col-xs-12 col-sm-6 col-md-4 space-bottom\"> <img  loading=\"lazy\" decoding=\"async\" class=\"face mdc-elevation--z3\" src=\"https:\/\/i0.wp.com\/antenor.eu\/wp-content\/uploads\/2023\/12\/cropped-cropped-antenor-jetonautomaten-2.png?w=3840\" width=\"381\" height=\"285\"> <div  data-type=\"column\" class=\"col-padding-small col-padding-small-xs description-container\">   <\/div> <\/div><\/div> <\/div><\/div><!-- \/wp:extendstudio\/materialis--><!-- \/wp:extendstudio\/materialis--><!-- \/wp:extendstudio\/materialis--><!-- wp:extendstudio\/materialis--><div  data-label=\"Cta\" data-id=\"cta--2\" data-export-id=\"cta-centered-bg-section\" data-category=\"cta\" data-section-ov=\"1\" class=\"cta-centered-bg-section content-section content-section-spacing-large white-text\" data-parallax-depth=\"20\" id=\"cta-2\" style=\"background-color: rgb(255, 255, 255); background-size: cover; background-position: center top; background-image: url(&quot;http:\/\/antenor.eu\/wp-content\/uploads\/2019\/06\/cropped-cashless-payment-technology-scaled.jpg&quot;);\"><div  class=\"gridContainer\"> <div  class=\"row text-center\"><div  class=\"col-xs-12\" data-type=\"column\"> <h2  class=\"\">Vous commencez \u00e0 utiliser des <b >jetons<\/b>? Nous vous aidons \u00e0 d\u00e9marrer !<\/h2> <a class=\"button mdc-ripple-upgraded null big color1\" href=\"https:\/\/antenor.eu\/fr\/#contact\" target=\"_self\" data-cp-link=\"1\" data-icon=\"\" rel=\"noopener\">CONTACTEZ-NOUS<\/a><\/div> <\/div><\/div> <\/div><!-- \/wp:extendstudio\/materialis--><!-- wp:extendstudio\/materialis--><!-- \/wp:extendstudio\/materialis--><p ><!-- \n            Lockers: user tracker for visibility filters\n            OnePress, bizpanda.com\n        --><\/p><!-- wp:extendstudio\/materialis--><!-- wp:extendstudio\/materialis-->","protected":false},"excerpt":{"rendered":"<p>Distributeurs de jetons Antenor Jetons pour les supporters &amp; les visiteurs Votre club ou organisation sportive est-il pr\u00eat \u00e0 proposer aux visiteurs des options de paiement num\u00e9rique en plus des jetons? Facilitez la t\u00e2che des visiteurs et des athl\u00e8tes en leur permettant d&rsquo;acheter des jetons en esp\u00e8ces, par carte bancaire ou via des solutions de&nbsp;&hellip;<\/p>\n","protected":false},"author":2,"featured_media":0,"parent":0,"menu_order":0,"comment_status":"closed","ping_status":"closed","template":"pro\/page-templates\/full-width-page.php","meta":{"footnotes":""},"class_list":["post-3577","page","type-page","status-publish","hentry"],"yoast_head":"<!-- This site is optimized with the Yoast SEO plugin v26.8 - https:\/\/yoast.com\/product\/yoast-seo-wordpress\/ -->\n<title>Distributeurs automatiques de jetons - Antenor<\/title>\n<meta name=\"description\" content=\"Antenor helpt jouw onderneming met veilige en betrouwbare automaten waar de klant met contant geld of een bankpas jetons koopt.\" \/>\n<meta name=\"robots\" content=\"index, follow, max-snippet:-1, max-image-preview:large, max-video-preview:-1\" \/>\n<link rel=\"canonical\" href=\"https:\/\/antenor.eu\/fr\/distributeurs-automatiques-de-jetons\/\" \/>\n<meta property=\"og:locale\" content=\"fr_FR\" \/>\n<meta property=\"og:type\" content=\"article\" \/>\n<meta property=\"og:title\" content=\"Distributeurs automatiques de jetons - Antenor\" \/>\n<meta property=\"og:description\" content=\"Antenor helpt jouw onderneming met veilige en betrouwbare automaten waar de klant met contant geld of een bankpas jetons koopt.\" \/>\n<meta property=\"og:url\" content=\"https:\/\/antenor.eu\/fr\/distributeurs-automatiques-de-jetons\/\" \/>\n<meta property=\"og:site_name\" content=\"Antenor\" \/>\n<meta property=\"article:publisher\" content=\"https:\/\/www.facebook.com\/AntenorPaymentSystems\" \/>\n<meta property=\"article:modified_time\" content=\"2023-12-21T14:19:56+00:00\" \/>\n<meta property=\"og:image\" content=\"https:\/\/i0.wp.com\/antenor.eu\/wp-content\/uploads\/2023\/12\/cropped-antenor-jetonautomaten-kopieren.png?w=3840\" \/>\n<meta name=\"twitter:card\" content=\"summary_large_image\" \/>\n<meta name=\"twitter:label1\" content=\"Dur\u00e9e de lecture estim\u00e9e\" \/>\n\t<meta name=\"twitter:data1\" content=\"4 minutes\" \/>\n<script type=\"application\/ld+json\" class=\"yoast-schema-graph\">{\"@context\":\"https:\/\/schema.org\",\"@graph\":[{\"@type\":\"WebPage\",\"@id\":\"https:\/\/antenor.eu\/fr\/distributeurs-automatiques-de-jetons\/\",\"url\":\"https:\/\/antenor.eu\/fr\/distributeurs-automatiques-de-jetons\/\",\"name\":\"Distributeurs automatiques de jetons - Antenor\",\"isPartOf\":{\"@id\":\"https:\/\/antenor.eu\/fr\/#website\"},\"primaryImageOfPage\":{\"@id\":\"https:\/\/antenor.eu\/fr\/distributeurs-automatiques-de-jetons\/#primaryimage\"},\"image\":{\"@id\":\"https:\/\/antenor.eu\/fr\/distributeurs-automatiques-de-jetons\/#primaryimage\"},\"thumbnailUrl\":\"https:\/\/i0.wp.com\/antenor.eu\/wp-content\/uploads\/2023\/12\/cropped-antenor-jetonautomaten-kopieren.png?w=3840\",\"datePublished\":\"2023-12-21T13:50:57+00:00\",\"dateModified\":\"2023-12-21T14:19:56+00:00\",\"description\":\"Antenor helpt jouw onderneming met veilige en betrouwbare automaten waar de klant met contant geld of een bankpas jetons koopt.\",\"breadcrumb\":{\"@id\":\"https:\/\/antenor.eu\/fr\/distributeurs-automatiques-de-jetons\/#breadcrumb\"},\"inLanguage\":\"fr-FR\",\"potentialAction\":[{\"@type\":\"ReadAction\",\"target\":[\"https:\/\/antenor.eu\/fr\/distributeurs-automatiques-de-jetons\/\"]}]},{\"@type\":\"ImageObject\",\"inLanguage\":\"fr-FR\",\"@id\":\"https:\/\/antenor.eu\/fr\/distributeurs-automatiques-de-jetons\/#primaryimage\",\"url\":\"https:\/\/i0.wp.com\/antenor.eu\/wp-content\/uploads\/2023\/12\/cropped-antenor-jetonautomaten-kopieren.png?w=3840\",\"contentUrl\":\"https:\/\/i0.wp.com\/antenor.eu\/wp-content\/uploads\/2023\/12\/cropped-antenor-jetonautomaten-kopieren.png?w=3840\"},{\"@type\":\"BreadcrumbList\",\"@id\":\"https:\/\/antenor.eu\/fr\/distributeurs-automatiques-de-jetons\/#breadcrumb\",\"itemListElement\":[{\"@type\":\"ListItem\",\"position\":1,\"name\":\"Home\",\"item\":\"https:\/\/antenor.eu\/fr\/\"},{\"@type\":\"ListItem\",\"position\":2,\"name\":\"Distributeurs automatiques de jetons\"}]},{\"@type\":\"WebSite\",\"@id\":\"https:\/\/antenor.eu\/fr\/#website\",\"url\":\"https:\/\/antenor.eu\/fr\/\",\"name\":\"Antenor\",\"description\":\"Unattended payment systems that work for you\",\"publisher\":{\"@id\":\"https:\/\/antenor.eu\/fr\/#organization\"},\"potentialAction\":[{\"@type\":\"SearchAction\",\"target\":{\"@type\":\"EntryPoint\",\"urlTemplate\":\"https:\/\/antenor.eu\/fr\/?s={search_term_string}\"},\"query-input\":{\"@type\":\"PropertyValueSpecification\",\"valueRequired\":true,\"valueName\":\"search_term_string\"}}],\"inLanguage\":\"fr-FR\"},{\"@type\":\"Organization\",\"@id\":\"https:\/\/antenor.eu\/fr\/#organization\",\"name\":\"Antenor\",\"url\":\"https:\/\/antenor.eu\/fr\/\",\"logo\":{\"@type\":\"ImageObject\",\"inLanguage\":\"fr-FR\",\"@id\":\"https:\/\/antenor.eu\/fr\/#\/schema\/logo\/image\/\",\"url\":\"https:\/\/antenor.eu\/wp-content\/uploads\/2020\/03\/Antenor-logo-new-version-black.png\",\"contentUrl\":\"https:\/\/antenor.eu\/wp-content\/uploads\/2020\/03\/Antenor-logo-new-version-black.png\",\"width\":600,\"height\":200,\"caption\":\"Antenor\"},\"image\":{\"@id\":\"https:\/\/antenor.eu\/fr\/#\/schema\/logo\/image\/\"},\"sameAs\":[\"https:\/\/www.facebook.com\/AntenorPaymentSystems\",\"https:\/\/www.linkedin.com\/company\/antenor_2\"]}]}<\/script>\n<!-- \/ Yoast SEO plugin. -->","yoast_head_json":{"title":"Distributeurs automatiques de jetons - Antenor","description":"Antenor helpt jouw onderneming met veilige en betrouwbare automaten waar de klant met contant geld of een bankpas jetons koopt.","robots":{"index":"index","follow":"follow","max-snippet":"max-snippet:-1","max-image-preview":"max-image-preview:large","max-video-preview":"max-video-preview:-1"},"canonical":"https:\/\/antenor.eu\/fr\/distributeurs-automatiques-de-jetons\/","og_locale":"fr_FR","og_type":"article","og_title":"Distributeurs automatiques de jetons - Antenor","og_description":"Antenor helpt jouw onderneming met veilige en betrouwbare automaten waar de klant met contant geld of een bankpas jetons koopt.","og_url":"https:\/\/antenor.eu\/fr\/distributeurs-automatiques-de-jetons\/","og_site_name":"Antenor","article_publisher":"https:\/\/www.facebook.com\/AntenorPaymentSystems","article_modified_time":"2023-12-21T14:19:56+00:00","og_image":[{"url":"https:\/\/i0.wp.com\/antenor.eu\/wp-content\/uploads\/2023\/12\/cropped-antenor-jetonautomaten-kopieren.png?w=3840","type":"","width":"","height":""}],"twitter_card":"summary_large_image","twitter_misc":{"Dur\u00e9e de lecture estim\u00e9e":"4 minutes"},"schema":{"@context":"https:\/\/schema.org","@graph":[{"@type":"WebPage","@id":"https:\/\/antenor.eu\/fr\/distributeurs-automatiques-de-jetons\/","url":"https:\/\/antenor.eu\/fr\/distributeurs-automatiques-de-jetons\/","name":"Distributeurs automatiques de jetons - Antenor","isPartOf":{"@id":"https:\/\/antenor.eu\/fr\/#website"},"primaryImageOfPage":{"@id":"https:\/\/antenor.eu\/fr\/distributeurs-automatiques-de-jetons\/#primaryimage"},"image":{"@id":"https:\/\/antenor.eu\/fr\/distributeurs-automatiques-de-jetons\/#primaryimage"},"thumbnailUrl":"https:\/\/i0.wp.com\/antenor.eu\/wp-content\/uploads\/2023\/12\/cropped-antenor-jetonautomaten-kopieren.png?w=3840","datePublished":"2023-12-21T13:50:57+00:00","dateModified":"2023-12-21T14:19:56+00:00","description":"Antenor helpt jouw onderneming met veilige en betrouwbare automaten waar de klant met contant geld of een bankpas jetons koopt.","breadcrumb":{"@id":"https:\/\/antenor.eu\/fr\/distributeurs-automatiques-de-jetons\/#breadcrumb"},"inLanguage":"fr-FR","potentialAction":[{"@type":"ReadAction","target":["https:\/\/antenor.eu\/fr\/distributeurs-automatiques-de-jetons\/"]}]},{"@type":"ImageObject","inLanguage":"fr-FR","@id":"https:\/\/antenor.eu\/fr\/distributeurs-automatiques-de-jetons\/#primaryimage","url":"https:\/\/i0.wp.com\/antenor.eu\/wp-content\/uploads\/2023\/12\/cropped-antenor-jetonautomaten-kopieren.png?w=3840","contentUrl":"https:\/\/i0.wp.com\/antenor.eu\/wp-content\/uploads\/2023\/12\/cropped-antenor-jetonautomaten-kopieren.png?w=3840"},{"@type":"BreadcrumbList","@id":"https:\/\/antenor.eu\/fr\/distributeurs-automatiques-de-jetons\/#breadcrumb","itemListElement":[{"@type":"ListItem","position":1,"name":"Home","item":"https:\/\/antenor.eu\/fr\/"},{"@type":"ListItem","position":2,"name":"Distributeurs automatiques de jetons"}]},{"@type":"WebSite","@id":"https:\/\/antenor.eu\/fr\/#website","url":"https:\/\/antenor.eu\/fr\/","name":"Antenor","description":"Unattended payment systems that work for you","publisher":{"@id":"https:\/\/antenor.eu\/fr\/#organization"},"potentialAction":[{"@type":"SearchAction","target":{"@type":"EntryPoint","urlTemplate":"https:\/\/antenor.eu\/fr\/?s={search_term_string}"},"query-input":{"@type":"PropertyValueSpecification","valueRequired":true,"valueName":"search_term_string"}}],"inLanguage":"fr-FR"},{"@type":"Organization","@id":"https:\/\/antenor.eu\/fr\/#organization","name":"Antenor","url":"https:\/\/antenor.eu\/fr\/","logo":{"@type":"ImageObject","inLanguage":"fr-FR","@id":"https:\/\/antenor.eu\/fr\/#\/schema\/logo\/image\/","url":"https:\/\/antenor.eu\/wp-content\/uploads\/2020\/03\/Antenor-logo-new-version-black.png","contentUrl":"https:\/\/antenor.eu\/wp-content\/uploads\/2020\/03\/Antenor-logo-new-version-black.png","width":600,"height":200,"caption":"Antenor"},"image":{"@id":"https:\/\/antenor.eu\/fr\/#\/schema\/logo\/image\/"},"sameAs":["https:\/\/www.facebook.com\/AntenorPaymentSystems","https:\/\/www.linkedin.com\/company\/antenor_2"]}]}},"jetpack_sharing_enabled":true,"_links":{"self":[{"href":"https:\/\/antenor.eu\/fr\/wp-json\/wp\/v2\/pages\/3577","targetHints":{"allow":["GET"]}}],"collection":[{"href":"https:\/\/antenor.eu\/fr\/wp-json\/wp\/v2\/pages"}],"about":[{"href":"https:\/\/antenor.eu\/fr\/wp-json\/wp\/v2\/types\/page"}],"author":[{"embeddable":true,"href":"https:\/\/antenor.eu\/fr\/wp-json\/wp\/v2\/users\/2"}],"replies":[{"embeddable":true,"href":"https:\/\/antenor.eu\/fr\/wp-json\/wp\/v2\/comments?post=3577"}],"version-history":[{"count":0,"href":"https:\/\/antenor.eu\/fr\/wp-json\/wp\/v2\/pages\/3577\/revisions"}],"wp:attachment":[{"href":"https:\/\/antenor.eu\/fr\/wp-json\/wp\/v2\/media?parent=3577"}],"curies":[{"name":"wp","href":"https:\/\/api.w.org\/{rel}","templated":true}]}}